{"id":696,"date":"2024-12-08T13:45:47","date_gmt":"2024-12-08T12:45:47","guid":{"rendered":"https:\/\/eraiki-funtsa.eus\/?page_id=696"},"modified":"2024-12-13T16:19:34","modified_gmt":"2024-12-13T15:19:34","slug":"eraiki","status":"publish","type":"page","link":"https:\/\/eraiki-funtsa.eus\/fr\/","title":{"rendered":"Eraiki"},"content":{"rendered":"\n<main class=\"wp-block-group has-global-padding is-layout-constrained wp-container-core-group-is-layout-ec20d0fb wp-block-group-is-layout-constrained\" style=\"margin-top:0\">\n<div class=\"wp-block-cover is-light has-parallax has-aspect-ratio\" style=\"border-radius:25px;aspect-ratio:auto;min-height:unset;\"><span aria-hidden=\"true\" class=\"wp-block-cover__background has-background-dim\" style=\"background-color:#f2f2f1\"><\/span><div class=\"wp-block-cover__image-background wp-image-218 has-parallax\" style=\"background-position:50% 50%;background-image:url(http:\/\/eraiki-funtsa.eus\/wp-content\/uploads\/2024\/11\/Patxoki-berria-Place-Patxa-scaled-e1732878487357.jpg)\"><\/div><div class=\"wp-block-cover__inner-container is-layout-flow wp-block-cover-is-layout-flow\">\n<figure style=\"--shape: url(#tw-shape-squircle);\" class=\"wp-block-image aligncenter size-medium is-resized has-custom-border is-style-default\"><img loading=\"lazy\" decoding=\"async\" width=\"300\" height=\"134\" sizes=\"auto, (max-width: 799px) 125vw, (max-width: 2560px) 100vw, 2560px\" src=\"http:\/\/eraiki-funtsa.eus\/wp-content\/uploads\/2023\/11\/cropped-logo-300x134.png\" alt=\"Eraiki\" class=\"wp-image-34\" style=\"border-radius:0px;width:253px;height:auto\" srcset=\"https:\/\/eraiki-funtsa.eus\/wp-content\/uploads\/2023\/11\/cropped-logo-300x134.png 300w, https:\/\/eraiki-funtsa.eus\/wp-content\/uploads\/2023\/11\/cropped-logo-1024x457.png 1024w, https:\/\/eraiki-funtsa.eus\/wp-content\/uploads\/2023\/11\/cropped-logo-768x343.png 768w, https:\/\/eraiki-funtsa.eus\/wp-content\/uploads\/2023\/11\/cropped-logo.png 1341w\" \/><\/figure>\n<\/div><\/div>\n<\/main>\n\n\n\n<div class=\"wp-block-group alignfull wp-embed-aspect-4-3 wp-has-aspect-ratio has-global-padding is-content-justification-center is-layout-constrained wp-container-core-group-is-layout-518bcff9 wp-block-group-is-layout-constrained\" id=\"qui-sommes-nous\" style=\"padding-top:var(--wp--preset--spacing--30);padding-right:var(--wp--preset--spacing--40);padding-bottom:var(--wp--preset--spacing--30);padding-left:var(--wp--preset--spacing--40)\">\n<hr class=\"wp-block-separator has-alpha-channel-opacity is-style-default\"\/>\n\n\n\n<div class=\"wp-block-group has-global-padding is-layout-constrained wp-container-core-group-is-layout-650790e1 wp-block-group-is-layout-constrained\">\n<h1 class=\"wp-block-heading has-text-align-center has-x-large-font-size\" style=\"margin-top:var(--wp--preset--spacing--10);margin-bottom:var(--wp--preset--spacing--10)\">Qui sommes-nous ?<\/h1>\n\n\n\n<p class=\"has-text-align-center\">Le fonds de dotation Eraiki travaille \u00e0 la construction d\u2019un Pays Basque ma\u00eetre de son pr\u00e9sent et de son avenir, plus libre, soutenable et solidaire ; riche d\u2019une langue, culture et identit\u00e9 \u00e9panouies, ouvertes et accueillantes<\/p>\n\n\n\n<div style=\"height:20px\" aria-hidden=\"true\" class=\"wp-block-spacer\"><\/div>\n\n\n\n<div class=\"wp-block-buttons is-content-justification-center is-layout-flex wp-container-core-buttons-is-layout-a89b3969 wp-block-buttons-is-layout-flex\">\n<div class=\"wp-block-button\"><a class=\"wp-block-button__link wp-element-button\" href=\"https:\/\/eraiki-funtsa.eus\/fr\/qui-sommes-nous\/\">En savoir plus<\/a><\/div>\n<\/div>\n<\/div>\n<\/div>\n\n\n\n<div class=\"wp-block-group alignwide is-layout-flow wp-container-core-group-is-layout-5de808f7 wp-block-group-is-layout-flow\" id=\"projects\" style=\"padding-top:var(--wp--preset--spacing--30);padding-right:var(--wp--preset--spacing--40);padding-bottom:var(--wp--preset--spacing--30);padding-left:var(--wp--preset--spacing--40)\">\n<hr class=\"wp-block-separator has-alpha-channel-opacity is-style-default\"\/>\n\n\n\n<div class=\"wp-block-group is-vertical is-content-justification-center is-layout-flex wp-container-core-group-is-layout-6329a8f3 wp-block-group-is-layout-flex\">\n<h2 class=\"wp-block-heading has-text-align-center is-style-default\">Projets<\/h2>\n<\/div>\n\n\n\n<div style=\"height:var(--wp--preset--spacing--40)\" aria-hidden=\"true\" class=\"wp-block-spacer\"><\/div>\n\n\n\n<div class=\"wp-block-columns alignwide is-layout-flex wp-container-core-columns-is-layout-adf2eb3b wp-block-columns-is-layout-flex\">\n<div class=\"wp-block-column is-vertically-aligned-center is-layout-flow wp-block-column-is-layout-flow\" style=\"--col-width:50%;flex-basis:50%\">\n<h3 class=\"wp-block-heading is-style-default\">Patxoki Berria<\/h3>\n\n\n\n<p class=\"has-text-align-left is-style-checkmark-list\">Port\u00e9 par Eraiki, en partenariat avec le COL, la Fondation Manu Robles-Arangiz et la mairie de Bayonne, le nouveau Patxoki offrira un lieu de rencontres convivial et point d\u2019ancrage populaire ouvrant sur la place Patxa, des locaux inter-associatifs au service de la m\u00e9tamorphose \u00e9cologique et sociale d\u2019Iparralde ainsi que du travail et de la formation sur la culture et l\u2019histoire du Pays Basque, des logements sociaux participatifs et un centre d\u2019h\u00e9bergement collectif et solidaire.<\/p>\n\n\n\n<p class=\"has-text-align-left is-style-checkmark-list\">Il sera un outil majeur pour les prochaines d\u00e9cennies, pour la mutualisation et le changement d\u2019\u00e9chelle des alternatives concr\u00e8tes du territoire.<\/p>\n<\/div>\n\n\n\n<div class=\"wp-block-column is-layout-flow wp-block-column-is-layout-flow\" style=\"--col-width:50%;flex-basis:50%\">\n<figure class=\"wp-block-embed is-type-video is-provider-youtube wp-block-embed-youtube wp-embed-aspect-16-9 wp-has-aspect-ratio\"><div class=\"wp-block-embed__wrapper\">\n<iframe loading=\"lazy\" title=\"vid\u00e9o Patxoki berria 2027 images ARCHI 3D\" width=\"500\" height=\"281\" src=\"https:\/\/www.youtube.com\/embed\/mEEe8UI3QCI?feature=oembed\" frameborder=\"0\" allow=\"accelerometer; autoplay; clipboard-write; encrypted-media; gyroscope; picture-in-picture; web-share\" referrerpolicy=\"strict-origin-when-cross-origin\" allowfullscreen><\/iframe>\n<\/div><figcaption class=\"wp-element-caption\">AVERTISSEMENT : images 3D issues d\u2019un logiciel ne refl\u00e9tant pas les styles de publics concern\u00e9s par le projet Patxoki berria<\/figcaption><\/figure>\n<\/div>\n<\/div>\n\n\n\n<div style=\"height:var(--wp--preset--spacing--40)\" aria-hidden=\"true\" class=\"wp-block-spacer\"><\/div>\n\n\n\n<div class=\"wp-block-buttons is-content-justification-center is-layout-flex wp-container-core-buttons-is-layout-a89b3969 wp-block-buttons-is-layout-flex\">\n<div class=\"wp-block-button\"><a class=\"wp-block-button__link wp-element-button\" href=\"https:\/\/eraiki-funtsa.eus\/fr\/projets\/\"><strong>En savoir plus sur tous les projets <\/strong><\/a><\/div>\n<\/div>\n<\/div>\n\n\n\n<div class=\"wp-block-group alignfull wp-embed-aspect-4-3 wp-has-aspect-ratio has-global-padding is-layout-constrained wp-container-core-group-is-layout-b673cb31 wp-block-group-is-layout-constrained\" id=\"donation\" style=\"margin-top:0;margin-bottom:0;padding-top:var(--wp--preset--spacing--30);padding-right:var(--wp--preset--spacing--50);padding-bottom:var(--wp--preset--spacing--30);padding-left:var(--wp--preset--spacing--50)\">\n<hr class=\"wp-block-separator has-alpha-channel-opacity is-style-default\"\/>\n\n\n\n<div class=\"wp-block-group alignwide is-layout-flow wp-container-core-group-is-layout-a77db08e wp-block-group-is-layout-flow\">\n<h2 class=\"wp-block-heading has-text-align-center is-style-default\">Soutenir les projets<\/h2>\n<\/div>\n<\/div>\n\n\n\n<div class=\"wp-block-group iframe-container has-global-padding is-content-justification-center is-layout-constrained wp-container-core-group-is-layout-04084e34 wp-block-group-is-layout-constrained\" style=\"min-height:0px\">\n<div class=\"wp-block-brad-border-box\">\t\t\t<iframe\n\t\t\t\tid=\"idIframe\"\n\t\t\t\tsrc=\"https:\/\/www.helloasso.com\/associations\/eraiki\/formulaires\/1\/widget\"\n\t\t\t\theight=750px\"\t\t\t\twidth=100%\"\t\t\t\tframeborder=\"0\"\n\t\t\t\tloading=\"lazy\"\n\t\t\t\tallowtransparency=\"true\"\n\t\t\t\tonload=\"resizeIframeMessage()\"><\/iframe>\n<\/div>\n\n\n\n<div class=\"wp-block-buttons is-content-justification-center is-layout-flex wp-container-core-buttons-is-layout-e7f25eb7 wp-block-buttons-is-layout-flex\" style=\"margin-top:32px\">\n<div class=\"wp-block-button\"><a class=\"wp-block-button__link wp-element-button\" href=\"https:\/\/eraiki-funtsa.eus\/fr\/soutenir-les-projets\/\">D&rsquo;autres options pour faire un don par virement, en eusko ou en ch\u00e8que en cliquant ici<\/a><\/div>\n<\/div>\n\n\n\n<div class=\"wp-block-columns is-layout-flex wp-container-core-columns-is-layout-d0b3c9c8 wp-block-columns-is-layout-flex\">\n<div class=\"wp-block-column is-layout-flow wp-block-column-is-layout-flow\">\n<figure class=\"wp-block-image size-large is-style-rounded is-style-rounded--1\"><a href=\"https:\/\/eraiki-funtsa.eus\/fr\/soutenir-les-projets\/\"><img loading=\"lazy\" decoding=\"async\" width=\"1024\" height=\"1024\" src=\"http:\/\/eraiki-funtsa.eus\/wp-content\/uploads\/2024\/12\/visuel-don-eraiki-2-1-1024x1024.png\" alt=\"\" class=\"wp-image-564\" style=\"aspect-ratio:1;object-fit:cover\" srcset=\"https:\/\/eraiki-funtsa.eus\/wp-content\/uploads\/2024\/12\/visuel-don-eraiki-2-1-1024x1024.png 1024w, https:\/\/eraiki-funtsa.eus\/wp-content\/uploads\/2024\/12\/visuel-don-eraiki-2-1-300x300.png 300w, https:\/\/eraiki-funtsa.eus\/wp-content\/uploads\/2024\/12\/visuel-don-eraiki-2-1-150x150.png 150w, https:\/\/eraiki-funtsa.eus\/wp-content\/uploads\/2024\/12\/visuel-don-eraiki-2-1-768x768.png 768w, https:\/\/eraiki-funtsa.eus\/wp-content\/uploads\/2024\/12\/visuel-don-eraiki-2-1.png 1417w\" sizes=\"auto, (max-width: 1024px) 100vw, 1024px\" \/><\/a><\/figure>\n<\/div>\n\n\n\n<div class=\"wp-block-column is-layout-flow wp-block-column-is-layout-flow\">\n<figure class=\"wp-block-image size-large is-style-rounded is-style-rounded--2\"><a href=\"https:\/\/eraiki-funtsa.eus\/fr\/soutenir-les-projets\/\"><img loading=\"lazy\" decoding=\"async\" width=\"1024\" height=\"1024\" src=\"http:\/\/eraiki-funtsa.eus\/wp-content\/uploads\/2024\/12\/visuel-don-eraiki-4-1024x1024.png\" alt=\"\" class=\"wp-image-554\" style=\"aspect-ratio:1;object-fit:cover\" srcset=\"https:\/\/eraiki-funtsa.eus\/wp-content\/uploads\/2024\/12\/visuel-don-eraiki-4-1024x1024.png 1024w, https:\/\/eraiki-funtsa.eus\/wp-content\/uploads\/2024\/12\/visuel-don-eraiki-4-300x300.png 300w, https:\/\/eraiki-funtsa.eus\/wp-content\/uploads\/2024\/12\/visuel-don-eraiki-4-150x150.png 150w, https:\/\/eraiki-funtsa.eus\/wp-content\/uploads\/2024\/12\/visuel-don-eraiki-4-768x768.png 768w, https:\/\/eraiki-funtsa.eus\/wp-content\/uploads\/2024\/12\/visuel-don-eraiki-4.png 1417w\" sizes=\"auto, (max-width: 1024px) 100vw, 1024px\" \/><\/a><\/figure>\n<\/div>\n\n\n\n<div class=\"wp-block-column is-layout-flow wp-block-column-is-layout-flow\">\n<figure class=\"wp-block-image size-large is-style-rounded is-style-rounded--3\"><a href=\"https:\/\/eraiki-funtsa.eus\/fr\/soutenir-les-projets\/\"><img loading=\"lazy\" decoding=\"async\" width=\"1024\" height=\"1024\" src=\"http:\/\/eraiki-funtsa.eus\/wp-content\/uploads\/2024\/12\/visuel-don-eraiki-1-1024x1024.png\" alt=\"\" class=\"wp-image-561\" style=\"aspect-ratio:1;object-fit:cover\" srcset=\"https:\/\/eraiki-funtsa.eus\/wp-content\/uploads\/2024\/12\/visuel-don-eraiki-1-1024x1024.png 1024w, https:\/\/eraiki-funtsa.eus\/wp-content\/uploads\/2024\/12\/visuel-don-eraiki-1-300x300.png 300w, https:\/\/eraiki-funtsa.eus\/wp-content\/uploads\/2024\/12\/visuel-don-eraiki-1-150x150.png 150w, https:\/\/eraiki-funtsa.eus\/wp-content\/uploads\/2024\/12\/visuel-don-eraiki-1-768x768.png 768w, https:\/\/eraiki-funtsa.eus\/wp-content\/uploads\/2024\/12\/visuel-don-eraiki-1.png 1417w\" sizes=\"auto, (max-width: 1024px) 100vw, 1024px\" \/><\/a><\/figure>\n<\/div>\n<\/div>\n<\/div>\n\n\n\n<div class=\"wp-block-group alignfull wp-embed-aspect-4-3 wp-has-aspect-ratio has-global-padding is-layout-constrained wp-container-core-group-is-layout-2bcd15f1 wp-block-group-is-layout-constrained\" id=\"contact\" style=\"margin-top:0;margin-bottom:0;padding-top:var(--wp--preset--spacing--30);padding-right:var(--wp--preset--spacing--40);padding-bottom:var(--wp--preset--spacing--30);padding-left:var(--wp--preset--spacing--40)\">\n<hr class=\"wp-block-separator has-alpha-channel-opacity is-style-default\"\/>\n\n\n\n<h2 class=\"wp-block-heading has-text-align-center\">Legs, donations et assurance-vie<\/h2>\n\n\n\n<p class=\"has-text-align-center\"><strong>Donner du sens \u00e0 son patrimoine avec Eraiki&nbsp;<\/strong><\/p>\n\n\n\n<div class=\"wp-block-media-text is-stacked-on-mobile\"><figure class=\"wp-block-media-text__media\"><a href=\"https:\/\/eraiki-funtsa.eus\/fr\/legs-donations-et-assurance-vie\/\"><img loading=\"lazy\" decoding=\"async\" width=\"1024\" height=\"1024\" src=\"http:\/\/eraiki-funtsa.eus\/wp-content\/uploads\/2024\/12\/legs-donation-assurance-vie-eraiki-1024x1024.png\" alt=\"\" class=\"wp-image-634 size-full\" srcset=\"https:\/\/eraiki-funtsa.eus\/wp-content\/uploads\/2024\/12\/legs-donation-assurance-vie-eraiki-1024x1024.png 1024w, https:\/\/eraiki-funtsa.eus\/wp-content\/uploads\/2024\/12\/legs-donation-assurance-vie-eraiki-300x300.png 300w, https:\/\/eraiki-funtsa.eus\/wp-content\/uploads\/2024\/12\/legs-donation-assurance-vie-eraiki-150x150.png 150w, https:\/\/eraiki-funtsa.eus\/wp-content\/uploads\/2024\/12\/legs-donation-assurance-vie-eraiki-768x768.png 768w, https:\/\/eraiki-funtsa.eus\/wp-content\/uploads\/2024\/12\/legs-donation-assurance-vie-eraiki.png 1417w\" sizes=\"auto, (max-width: 1024px) 100vw, 1024px\" \/><\/a><\/figure><div class=\"wp-block-media-text__content\">\n<p>Contribuez \u00e0 la vision d\u2019un Pays Basque plus libre, durable et solidaire en soutenant Eraiki par le biais de votre patrimoine. Que ce soit par un <strong>legs<\/strong>, une <strong>donation<\/strong>, ou une <strong>transmission d\u2019assurance-vie<\/strong>, chaque geste a un impact fort et durable.<\/p>\n<\/div><\/div>\n\n\n\n<div class=\"wp-block-buttons is-content-justification-center is-layout-flex wp-container-core-buttons-is-layout-e7f25eb7 wp-block-buttons-is-layout-flex\" style=\"margin-top:32px\">\n<div class=\"wp-block-button\"><a class=\"wp-block-button__link wp-element-button\" href=\"https:\/\/eraiki-funtsa.eus\/fr\/legs-donations-et-assurance-vie\/\">Plus d&rsquo;infos sur le legs, la donation et l&rsquo;assurance-vie<\/a><\/div>\n<\/div>\n<\/div>\n\n\n\n<div class=\"wp-block-group alignfull wp-embed-aspect-4-3 wp-has-aspect-ratio has-base-color has-contrast-background-color has-text-color has-background has-global-padding is-layout-constrained wp-container-core-group-is-layout-6066dd08 wp-block-group-is-layout-constrained\" style=\"margin-top:0;margin-bottom:0;padding-top:var(--wp--preset--spacing--30);padding-right:var(--wp--preset--spacing--40);padding-bottom:var(--wp--preset--spacing--30);padding-left:var(--wp--preset--spacing--40)\">\n<div class=\"wp-block-group has-global-padding is-layout-constrained wp-block-group-is-layout-constrained\">\n<p class=\"has-text-align-center has-base-color has-text-color has-heading-font-family has-x-large-font-size\" style=\"line-height:1.2\"><em>\u00ab&nbsp;T\u00e9moignage&nbsp;\u00bb<\/em><\/p>\n\n\n\n<div class=\"wp-block-group is-vertical is-content-justification-center is-nowrap is-layout-flex wp-container-core-group-is-layout-2dc08cea wp-block-group-is-layout-flex\">\n<figure class=\"wp-block-image aligncenter size-thumbnail is-resized has-custom-border\"><img loading=\"lazy\" decoding=\"async\" width=\"150\" height=\"150\" src=\"http:\/\/eraiki-funtsa.eus\/wp-content\/uploads\/2024\/12\/Adrien-ROUSSEL-150x150.jpg\" alt=\"\" class=\"wp-image-450\" style=\"border-radius:100px;aspect-ratio:1;object-fit:cover;width:60px\" srcset=\"https:\/\/eraiki-funtsa.eus\/wp-content\/uploads\/2024\/12\/Adrien-ROUSSEL-150x150.jpg 150w, https:\/\/eraiki-funtsa.eus\/wp-content\/uploads\/2024\/12\/Adrien-ROUSSEL-300x300.jpg 300w, https:\/\/eraiki-funtsa.eus\/wp-content\/uploads\/2024\/12\/Adrien-ROUSSEL-1024x1024.jpg 1024w, https:\/\/eraiki-funtsa.eus\/wp-content\/uploads\/2024\/12\/Adrien-ROUSSEL-768x768.jpg 768w, https:\/\/eraiki-funtsa.eus\/wp-content\/uploads\/2024\/12\/Adrien-ROUSSEL-1536x1536.jpg 1536w, https:\/\/eraiki-funtsa.eus\/wp-content\/uploads\/2024\/12\/Adrien-ROUSSEL.jpg 2000w\" sizes=\"auto, (max-width: 150px) 100vw, 150px\" \/><\/figure>\n\n\n\n<p class=\"has-text-align-center\" style=\"margin-top:var(--wp--preset--spacing--10);margin-bottom:0\">Adrien Roussel-Jourde,<br>Notaire engag\u00e9 pour des fonciers solidaires et durables<\/p>\n\n\n\n<p class=\"has-text-align-center has-contrast-3-color has-text-color has-small-font-size\" style=\"font-style:normal;font-weight:300\">\u201cLe fonds de dotation est un outil d\u00e9di\u00e9 \u00e0 l\u2019int\u00e9r\u00eat g\u00e9n\u00e9ral. En donnant \u00e0 Eraiki, vous b\u00e9n\u00e9ficiez d\u2019avantages fiscaux importants. Vous avez \u00e9galement la possibilit\u00e9 de l\u00e9guer des biens, sans l\u00e9ser vos proches qui recevront ce que vous souhaitez leur transmettre\u00a0\u00bb<\/p>\n<\/div>\n<\/div>\n<\/div>\n\n\n\n<div class=\"wp-block-group alignfull has-global-padding is-layout-constrained wp-container-core-group-is-layout-d2702112 wp-block-group-is-layout-constrained\" style=\"padding-top:var(--wp--preset--spacing--30);padding-right:var(--wp--preset--spacing--40);padding-bottom:var(--wp--preset--spacing--30);padding-left:var(--wp--preset--spacing--40)\">\n<hr class=\"wp-block-separator has-alpha-channel-opacity is-style-default\"\/>\n\n\n\n<h2 class=\"wp-block-heading has-text-align-center\">Contactez-nous<\/h2>\n\n\n\n<p class=\"has-text-align-center\">Si vous avez des questions ou souhaitez des informations compl\u00e9mentaires, n\u2019h\u00e9sitez pas \u00e0 nous contacter. Nous vous r\u00e9pondrons au plus vite.<\/p>\n\n\n\n<div class=\"wp-block-buttons is-content-justification-center is-layout-flex wp-container-core-buttons-is-layout-e7f25eb7 wp-block-buttons-is-layout-flex\" style=\"margin-top:32px\">\n<div class=\"wp-block-button\"><a class=\"wp-block-button__link wp-element-button\" href=\"https:\/\/eraiki-funtsa.eus\/fr\/contactez-nous\/\">Nous contacter<\/a><\/div>\n<\/div>\n\n\n\n<div style=\"height:34px\" aria-hidden=\"true\" class=\"wp-block-spacer\"><\/div>\n<\/div>\n","protected":false},"excerpt":{"rendered":"<p>Qui sommes-nous ? Le fonds de dotation Eraiki travaille \u00e0 la construction d\u2019un Pays Basque ma\u00eetre de son pr\u00e9sent et de son avenir, plus libre, soutenable et solidaire ; riche d\u2019une langue, culture et identit\u00e9 \u00e9panouies, ouvertes et accueillantes Projets Patxoki Berria Port\u00e9 par Eraiki, en partenariat avec le COL, la Fondation Manu Robles-Arangiz et [&hellip;]<\/p>\n","protected":false},"author":1,"featured_media":0,"parent":0,"menu_order":0,"comment_status":"closed","ping_status":"closed","template":"page-no-title","meta":{"_monsterinsights_skip_tracking":false,"_monsterinsights_sitenote_active":false,"_monsterinsights_sitenote_note":"","_monsterinsights_sitenote_category":0,"footnotes":""},"class_list":["post-696","page","type-page","status-publish","hentry"],"pbg_featured_image_src":{"full":false,"thumbnail":false,"medium":false,"medium_large":false,"large":false,"1536x1536":false,"2048x2048":false},"pbg_author_info":{"display_name":"Admin","author_link":"https:\/\/eraiki-funtsa.eus\/fr\/author\/admin9569\/","author_img":"<img alt='Admin' src='https:\/\/secure.gravatar.com\/avatar\/58adf6f62c75960ca932413a2575018bb70aa75ee0eecb71c7c993ef17bfdba2?s=128&#038;d=mm&#038;r=g' srcset='https:\/\/secure.gravatar.com\/avatar\/58adf6f62c75960ca932413a2575018bb70aa75ee0eecb71c7c993ef17bfdba2?s=256&#038;d=mm&#038;r=g 2x' class='avatar avatar-128 photo' height='128' width='128' loading='lazy' decoding='async'\/>"},"pbg_comment_info":" No Comments","pbg_excerpt":"Qui sommes-nous ? Le fonds de dotation Eraiki travaille \u00e0 la construction d\u2019un Pays Basque ma\u00eetre de son pr\u00e9sent et de son avenir, plus libre, soutenable et solidaire ; riche d\u2019une langue, culture et identit\u00e9 \u00e9panouies, ouvertes et accueillantes Projets Patxoki Berria Port\u00e9 par Eraiki, en partenariat avec le COL, la Fondation Manu Robles-Arangiz et\u2026","_links":{"self":[{"href":"https:\/\/eraiki-funtsa.eus\/fr\/wp-json\/wp\/v2\/pages\/696","targetHints":{"allow":["GET"]}}],"collection":[{"href":"https:\/\/eraiki-funtsa.eus\/fr\/wp-json\/wp\/v2\/pages"}],"about":[{"href":"https:\/\/eraiki-funtsa.eus\/fr\/wp-json\/wp\/v2\/types\/page"}],"author":[{"embeddable":true,"href":"https:\/\/eraiki-funtsa.eus\/fr\/wp-json\/wp\/v2\/users\/1"}],"replies":[{"embeddable":true,"href":"https:\/\/eraiki-funtsa.eus\/fr\/wp-json\/wp\/v2\/comments?post=696"}],"version-history":[{"count":23,"href":"https:\/\/eraiki-funtsa.eus\/fr\/wp-json\/wp\/v2\/pages\/696\/revisions"}],"predecessor-version":[{"id":1115,"href":"https:\/\/eraiki-funtsa.eus\/fr\/wp-json\/wp\/v2\/pages\/696\/revisions\/1115"}],"wp:attachment":[{"href":"https:\/\/eraiki-funtsa.eus\/fr\/wp-json\/wp\/v2\/media?parent=696"}],"curies":[{"name":"wp","href":"https:\/\/api.w.org\/{rel}","templated":true}]}}