{"id":625,"date":"2024-12-11T13:59:13","date_gmt":"2024-12-11T12:59:13","guid":{"rendered":"https:\/\/eraiki-funtsa.eus\/?page_id=625"},"modified":"2025-01-31T16:12:19","modified_gmt":"2025-01-31T15:12:19","slug":"legs-donations-et-assurance-vie","status":"publish","type":"page","link":"https:\/\/eraiki-funtsa.eus\/fr\/legs-donations-et-assurance-vie\/","title":{"rendered":"Legs, donations et assurance-vie"},"content":{"rendered":"\n<div class=\"wp-block-cover alignfull is-light has-parallax has-aspect-ratio\" style=\"padding-top:var(--wp--preset--spacing--50);padding-right:var(--wp--preset--spacing--50);padding-bottom:var(--wp--preset--spacing--50);padding-left:var(--wp--preset--spacing--50);min-height:626px;aspect-ratio:auto;min-height:unset;\"><span aria-hidden=\"true\" class=\"wp-block-cover__background has-base-background-color has-background-dim-30 has-background-dim\"><\/span><div class=\"wp-block-cover__image-background wp-image-1166 has-parallax\" style=\"background-position:50% 50%;background-image:url(http:\/\/eraiki-funtsa.eus\/wp-content\/uploads\/2024\/12\/euskal-mendia.jpg)\"><\/div><div class=\"wp-block-cover__inner-container has-global-padding is-layout-constrained wp-container-core-cover-is-layout-e4fd886c wp-block-cover-is-layout-constrained\">\n<div class=\"wp-block-premium-heading premium-heading style1 premium-heading-371290d45910\"><div class=\"premium-title-container style1 \" data-backgroundtext=\"\" id=\"premium-heading-371290d45910\" data-icontype=\"icon\"><h2 class=\"premium-title-header premium-title-style1__wrap  \" data-blur-delay=\"\" data-shiny-dur=\"\"><span class=\"premium-title-text-title\" style=\"min-height:15px;text-shadow:0px 0px 10px transparent\"><strong>LEGS:<\/strong> <br>TRANSMETTRE POUR CONSTRUIRE L&rsquo;AVENIR<br><\/span><\/h2><\/div><\/div>\n<\/div><\/div>\n\n\n\n<div class=\"wp-block-group alignfull has-base-2-background-color has-background has-global-padding is-layout-constrained wp-container-core-group-is-layout-218c8f3f wp-block-group-is-layout-constrained\" style=\"margin-top:0;margin-bottom:0;padding-top:var(--wp--preset--spacing--30);padding-right:var(--wp--preset--spacing--60);padding-bottom:var(--wp--preset--spacing--30);padding-left:var(--wp--preset--spacing--60)\">\n<div class=\"wp-block-group alignwide is-layout-flow wp-block-group-is-layout-flow\">\n<p><strong>Le legs est une disposition testamentaire <\/strong>qui permet de transmettre tout ou partie de votre patrimoine (biens immobiliers, objets pr\u00e9cieux, sommes d\u2019argent\u2026) \u00e0 un b\u00e9n\u00e9ficiaire de votre choix, comme Eraiki. Pour cela, il suffit de mentionner Eraiki dans votre testament, un document que vous pouvez modifier ou annuler \u00e0 tout moment.<\/p>\n\n\n\n<p>Il existe plusieurs types de legs :<\/p>\n\n\n\n<p><\/p>\n\n\n\n<ul class=\"wp-block-list\">\n<li><\/li>\n<\/ul>\n<\/div>\n<\/div>\n\n\n\n<div class=\"wp-block-group alignfull has-global-padding is-layout-constrained wp-block-group-is-layout-constrained\">\n<div class=\"wp-block-columns alignwide tw-cols-stack-md-2 is-layout-flex wp-container-core-columns-is-layout-4b47329e wp-block-columns-is-layout-flex tw-large-gap\">\n<div class=\"wp-block-column is-layout-flow wp-block-column-is-layout-flow\">\n<h3 class=\"wp-block-heading\"><strong>Universel<\/strong> <\/h3>\n\n\n\n<p>vous l\u00e9guez l\u2019int\u00e9gralit\u00e9 de vos biens \u00e0 Eraiki.<\/p>\n<\/div>\n\n\n\n<div class=\"wp-block-column is-layout-flow wp-block-column-is-layout-flow\">\n<h3 class=\"wp-block-heading\"><strong>\u00c0 titre universel<\/strong><\/h3>\n\n\n\n<p>vous l\u00e9guez une partie de vos biens \u00e0 Eraiki ou \u00e0 d\u2019autres b\u00e9n\u00e9ficiaires.<\/p>\n<\/div>\n\n\n\n<div class=\"wp-block-column is-layout-flow wp-block-column-is-layout-flow\">\n<h3 class=\"wp-block-heading\"><strong>\u00c0 titre particulier<\/strong><\/h3>\n\n\n\n<p>vous l\u00e9guez un bien pr\u00e9cis (par exemple, un objet d\u2019art ou une somme d\u2019argent).<\/p>\n<\/div>\n<\/div>\n<\/div>\n\n\n\n<div class=\"wp-block-premium-text premium-text-2fc51f2213c3 premium-text\"><p class=\"premium-text-wrap\">N\u2019h\u00e9sitez pas \u00e0 consulter votre notaire pour choisir la formule qui correspond le mieux \u00e0 vos souhaits.<\/p><\/div>\n\n\n\n<div class=\"wp-block-cover alignfull is-light has-parallax\" style=\"padding-top:var(--wp--preset--spacing--50);padding-right:var(--wp--preset--spacing--50);padding-bottom:var(--wp--preset--spacing--50);padding-left:var(--wp--preset--spacing--50);min-height:100vh;aspect-ratio:unset;\"><span aria-hidden=\"true\" class=\"wp-block-cover__background has-base-background-color has-background-dim-0 has-background-dim\"><\/span><div class=\"wp-block-cover__image-background wp-image-1000 has-parallax\" style=\"background-position:50% 50%;background-image:url(https:\/\/eraiki-funtsa.eus\/wp-content\/uploads\/2024\/12\/fond-site-eraiki-1.png)\"><\/div><div class=\"wp-block-cover__inner-container has-global-padding is-layout-constrained wp-container-core-cover-is-layout-e4fd886c wp-block-cover-is-layout-constrained\">\n<div class=\"wp-block-premium-heading premium-heading default premium-heading-57404295f4ae\"><div class=\"premium-title-container default \" data-backgroundtext=\"\" id=\"premium-heading-57404295f4ae\" data-icontype=\"icon\"><h2 class=\"premium-title-header premium-title-default__wrap  \" data-blur-delay=\"\" data-shiny-dur=\"\"><span class=\"premium-title-text-title\" style=\"min-height:15px;text-shadow:0px 0px 10px transparent\"><strong>LE LEGS AVEC CHARGE  :<\/strong><br>HARRI BATEZ BI XORI!<br>(D&rsquo;une pierre deux coups)<\/span><\/h2><\/div><\/div>\n<\/div><\/div>\n\n\n\n<div class=\"wp-block-group alignfull has-base-background-color has-background has-global-padding is-layout-constrained wp-container-core-group-is-layout-d89aad35 wp-block-group-is-layout-constrained\" style=\"margin-top:0;margin-bottom:0;padding-top:var(--wp--preset--spacing--50);padding-right:var(--wp--preset--spacing--50);padding-bottom:var(--wp--preset--spacing--50);padding-left:var(--wp--preset--spacing--50)\">\n<div class=\"wp-block-columns alignwide is-layout-flex wp-container-core-columns-is-layout-7456c446 wp-block-columns-is-layout-flex\">\n<div class=\"wp-block-column has-global-padding is-content-justification-left is-layout-constrained wp-container-core-column-is-layout-4f15e8fe wp-block-column-is-layout-constrained\" style=\"--col-width:30%;flex-basis:30%\">\n<p><\/p>\n<\/div>\n\n\n\n<div class=\"wp-block-column is-layout-flow wp-container-core-column-is-layout-119bc444 wp-block-column-is-layout-flow\" style=\"--col-width:70%;flex-basis:70%\">\n<div class=\"wp-block-columns tw-cols-stack-md is-layout-flex wp-container-core-columns-is-layout-adf2eb3b wp-block-columns-is-layout-flex\">\n<div class=\"wp-block-column is-layout-flow wp-block-column-is-layout-flow\">\n<p class=\"wp-container-content-9cfa9a5a\">Le legs avec charge vous permet de transmettre vos biens \u00e0 vos parents ou vos amis tout en soutenant les projets port\u00e9s par Eraiki, qui g\u00e8rera la partie administrative et l\u2019acquittement des droits de succession.&nbsp;<\/p>\n\n\n\n<p><\/p>\n\n\n\n<p class=\"wp-container-content-9cfa9a5a\"><strong>Comment fonctionne le legs avec charge ?<\/strong><\/p>\n\n\n\n<p class=\"wp-container-content-9cfa9a5a\">En pratique, vous indiquez dans votre testament qu\u2019Eraiki devient l\u00e9gataire universel, avec pour mission de redistribuer une partie de votre patrimoine \u00e0 d\u2019autres b\u00e9n\u00e9ficiaires (amis, membres de votre famille, etc.). Gr\u00e2ce \u00e0 son statut, Eraiki est exon\u00e9r\u00e9 des droits de succession, ce qui r\u00e9duit consid\u00e9rablement les charges fiscales, contrairement \u00e0 un h\u00e9ritier particulier qui pourrait \u00eatre impos\u00e9 jusqu\u2019\u00e0 60 % de la valeur du legs.<\/p>\n<\/div>\n\n\n\n<div class=\"wp-block-column is-layout-flow wp-block-column-is-layout-flow\">\n<p><strong>Un exemple concret :<\/strong><\/p>\n\n\n\n<p>Vous poss\u00e9dez une somme ou un bien d\u2019une valeur de 100 000 \u20ac que vous souhaitez transmettre \u00e0 un ami ou un parent \u00e9loign\u00e9, qui devra donc au pr\u00e9alable s\u2019acquitter de 60 000 \u20ac de droits de succession. En d\u00e9signant Eraiki comme l\u00e9gataire universel avec charge de remettre \u00e0 ce proche une somme nette de 40 000 \u20ac, c\u2019est Eraiki qui paiera les droits de succession. Cela ne reviendra \u00e0 Eraiki, b\u00e9n\u00e9ficiant d\u2019une exon\u00e9ration de certains frais et droits de succession, que 24 000 \u20ac. Votre proche recevra 40 000 \u20ac, sans avoir \u00e0 g\u00e9rer ni \u00e0 payer les droits de succession, et Eraiki recevra 36 000 \u20ac. Tout le monde est ainsi gagnant.<\/p>\n\n\n\n<p>Pour en savoir plus et envisager cette option avec votre notaire, contactez-nous. Ensemble, donnons du sens \u00e0 votre h\u00e9ritage.<\/p>\n<\/div>\n<\/div>\n<\/div>\n<\/div>\n<\/div>\n\n\n\n<div class=\"wp-block-cover alignfull is-light has-parallax has-aspect-ratio\" style=\"padding-top:var(--wp--preset--spacing--50);padding-right:var(--wp--preset--spacing--50);padding-bottom:var(--wp--preset--spacing--50);padding-left:var(--wp--preset--spacing--50);min-height:430px;aspect-ratio:auto;min-height:unset;\"><span aria-hidden=\"true\" class=\"wp-block-cover__background has-base-background-color has-background-dim-0 has-background-dim\"><\/span><div class=\"wp-block-cover__image-background wp-image-1002 has-parallax\" style=\"background-position:50% 50%;background-image:url(https:\/\/eraiki-funtsa.eus\/wp-content\/uploads\/2024\/12\/fond-site-eraiki-4.png)\"><\/div><div class=\"wp-block-cover__inner-container has-global-padding is-layout-constrained wp-container-core-cover-is-layout-e4fd886c wp-block-cover-is-layout-constrained\">\n<p class=\"has-text-align-center has-large-font-size\"><strong>DONATION : UN SOUTIEN CONCRET <\/strong><\/p>\n\n\n\n<p class=\"has-text-align-center has-large-font-size\"><strong>DE VOTRE VIVANT<\/strong><\/p>\n<\/div><\/div>\n\n\n\n<div class=\"wp-block-group alignfull has-global-padding is-layout-constrained wp-block-group-is-layout-constrained\">\n<div class=\"wp-block-premium-text premium-text-00f1ed12d60e premium-text\"><p class=\"premium-text-wrap\"><strong>La donation vous permet de transmettre d\u00e8s maintenant un bien<\/strong> (somme d\u2019argent, maison, terrain\u2026), de mani\u00e8re imm\u00e9diate et irr\u00e9vocable, tout en respectant les droits de vos h\u00e9ritiers l\u00e9gaux.<br><br><br><br><br><br>Eraiki accepte plusieurs types de donations :<br><\/p><\/div>\n\n\n\n<div class=\"wp-block-columns alignwide tw-cols-stack-md-2 is-layout-flex wp-container-core-columns-is-layout-4b47329e wp-block-columns-is-layout-flex tw-large-gap\">\n<div class=\"wp-block-column is-layout-flow wp-block-column-is-layout-flow\">\n<h3 class=\"wp-block-heading\"><strong>En pleine propri\u00e9t\u00e9<\/strong><\/h3>\n\n\n\n<p>&nbsp;vous transf\u00e9rez d\u00e9finitivement un bien \u00e0 Eraiki.<\/p>\n<\/div>\n\n\n\n<div class=\"wp-block-column is-layout-flow wp-block-column-is-layout-flow\">\n<h3 class=\"wp-block-heading\"><strong><strong>En nue-propri\u00e9t\u00e9<\/strong><\/strong><\/h3>\n\n\n\n<p>vous conservez l\u2019usage ou les revenus d\u2019un bien (comme les loyers d\u2019un logement), tout en assurant la pleine propri\u00e9t\u00e9 \u00e0 Eraiki \u00e0 votre d\u00e9c\u00e8s.<\/p>\n<\/div>\n\n\n\n<div class=\"wp-block-column is-layout-flow wp-block-column-is-layout-flow\">\n<h3 class=\"wp-block-heading\"><strong><strong>Temporaire d\u2019usufruit<\/strong><\/strong><\/h3>\n\n\n\n<p>vous accordez \u00e0 Eraiki l\u2019usage d\u2019un bien (ou ses revenus) pour une dur\u00e9e d\u00e9termin\u00e9e, g\u00e9n\u00e9ralement d\u2019au moins trois ans.<\/p>\n<\/div>\n<\/div>\n\n\n\n<figure class=\"wp-block-embed is-type-video is-provider-youtube wp-block-embed-youtube wp-embed-aspect-16-9 wp-has-aspect-ratio\"><div class=\"wp-block-embed__wrapper\">\n<iframe loading=\"lazy\" title=\"EITB.eus Manu Robles Arangiz Etxea 2025\" width=\"500\" height=\"281\" src=\"https:\/\/www.youtube.com\/embed\/DF402NZA2jU?feature=oembed\" frameborder=\"0\" allow=\"accelerometer; autoplay; clipboard-write; encrypted-media; gyroscope; picture-in-picture; web-share\" referrerpolicy=\"strict-origin-when-cross-origin\" allowfullscreen><\/iframe>\n<\/div><\/figure>\n<\/div>\n\n\n\n<div class=\"wp-block-premium-text premium-text-61aabc8a3e60 premium-text\"><p class=\"premium-text-wrap\">Parlez-en \u00e0 votre notaire pour envisager la formule la plus adapt\u00e9e \u00e0 votre situation.<\/p><\/div>\n\n\n\n<div class=\"wp-block-cover alignfull is-light has-parallax\" style=\"padding-top:var(--wp--preset--spacing--50);padding-right:var(--wp--preset--spacing--50);padding-bottom:var(--wp--preset--spacing--50);padding-left:var(--wp--preset--spacing--50);min-height:100vh;aspect-ratio:unset;\"><span aria-hidden=\"true\" class=\"wp-block-cover__background has-base-background-color has-background-dim-0 has-background-dim\"><\/span><div class=\"wp-block-cover__image-background wp-image-1004 has-parallax\" style=\"background-position:50% 50%;background-image:url(https:\/\/eraiki-funtsa.eus\/wp-content\/uploads\/2024\/12\/fond-site-eraiki-2.png)\"><\/div><div class=\"wp-block-cover__inner-container has-global-padding is-layout-constrained wp-container-core-cover-is-layout-e4fd886c wp-block-cover-is-layout-constrained\">\n<p class=\"has-text-align-center has-large-font-size\"><strong>ASSURANCE-VIE :<\/strong><\/p>\n\n\n\n<p class=\"has-text-align-center has-large-font-size\"><strong>UNE \u00c9PARGNE SOLIDAIRE <\/strong><\/p>\n<\/div><\/div>\n\n\n\n<div class=\"wp-block-group alignfull has-global-padding is-layout-constrained wp-block-group-is-layout-constrained\">\n<p>L\u2019assurance-vie est un outil simple et efficace pour soutenir Eraiki tout en b\u00e9n\u00e9ficiant de la flexibilit\u00e9 d\u2019un contrat d\u2019\u00e9pargne. En d\u00e9signant Eraiki comme b\u00e9n\u00e9ficiaire, vous permettez \u00e0 votre engagement de perdurer.<\/p>\n\n\n\n<p>Deux possibilit\u00e9s s\u2019offrent \u00e0 vous :<\/p>\n\n\n\n<ul class=\"wp-block-list\">\n<li><strong>L\u2019assurance-vie dite \u201cEn cas de vie\u201d<\/strong> : certains contrats vous permettent d\u2019effectuer des versements r\u00e9guliers au profit d\u2019Eraiki durant votre vie.<\/li>\n\n\n\n<li><strong>L\u2019assurance-vie dite \u201cEn cas de d\u00e9c\u00e8s\u201d<\/strong> : les sommes \u00e9pargn\u00e9es, ainsi que leurs int\u00e9r\u00eats, sont transmises \u00e0 Eraiki \u00e0 votre d\u00e9c\u00e8s.<\/li>\n<\/ul>\n\n\n\n<p>Comment transmettre son assurance-vie \u00e0 plusieurs associations\/b\u00e9n\u00e9ficiaires ?<\/p>\n\n\n\n<p>En personnalisant la clause b\u00e9n\u00e9ficiaire de votre contrat, vous pouvez d\u00e9signer plusieurs b\u00e9n\u00e9ficiaires, qu\u2019ils soient des personnes physiques ou des associations, et r\u00e9partir les fonds selon les proportions de votre choix. Par exemple, vous pouvez allouer 70 % \u00e0 vos proches et 30 % \u00e0 Eraiki. Pour modifier votre clause b\u00e9n\u00e9ficiaire, il vous suffit de contacter votre conseiller ou votre \u00e9tablissement financier, en indiquant pr\u00e9cis\u00e9ment le nom, l\u2019adresse, et le pourcentage attribu\u00e9 \u00e0 chaque b\u00e9n\u00e9ficiaire. Cette d\u00e9marche est modifiable \u00e0 tout moment, sans frais suppl\u00e9mentaires, afin que votre \u00e9pargne refl\u00e8te toujours vos souhaits et engagements.<\/p>\n\n\n\n<div class=\"wp-block-columns alignwide tw-cols-stack-md-2 is-layout-flex wp-container-core-columns-is-layout-4b47329e wp-block-columns-is-layout-flex tw-large-gap\">\n<div class=\"wp-block-column is-layout-flow wp-block-column-is-layout-flow\"><\/div>\n\n\n\n<div class=\"wp-block-column is-layout-flow wp-block-column-is-layout-flow\"><\/div>\n<\/div>\n<\/div>\n\n\n\n<div class=\"wp-block-group alignfull has-base-color has-contrast-background-color has-text-color has-background has-global-padding is-layout-constrained wp-container-core-group-is-layout-ef3d885c wp-block-group-is-layout-constrained\" style=\"margin-top:0;margin-bottom:0;padding-top:var(--wp--preset--spacing--60);padding-right:var(--wp--preset--spacing--60);padding-bottom:var(--wp--preset--spacing--60);padding-left:var(--wp--preset--spacing--60)\">\n<div class=\"wp-block-group has-global-padding is-layout-constrained wp-block-group-is-layout-constrained\">\n<p class=\"has-text-align-center has-base-color has-text-color has-heading-font-family has-x-large-font-size\" style=\"line-height:1.2\"><em>\u00ab&nbsp;T\u00e9moignage&nbsp;\u00bb<\/em><\/p>\n\n\n\n<div style=\"height:var(--wp--preset--spacing--10)\" aria-hidden=\"true\" class=\"wp-block-spacer\"><\/div>\n\n\n\n<div class=\"wp-block-group is-vertical is-content-justification-center is-nowrap is-layout-flex wp-container-core-group-is-layout-2dc08cea wp-block-group-is-layout-flex\">\n<figure class=\"wp-block-image aligncenter size-thumbnail is-resized has-custom-border\"><img loading=\"lazy\" decoding=\"async\" width=\"150\" height=\"150\" src=\"http:\/\/eraiki-funtsa.eus\/wp-content\/uploads\/2024\/11\/Ainize-BUTRON-150x150.jpg\" alt=\"\" class=\"wp-image-230\" style=\"border-radius:100px;aspect-ratio:1;object-fit:cover;width:60px\"\/><\/figure>\n\n\n\n<p class=\"has-text-align-center\" style=\"margin-top:var(--wp--preset--spacing--10);margin-bottom:0\"><strong>Ainize Butron,<\/strong><\/p>\n\n\n\n<p><strong>membre du Coll\u00e8ge des Sages<\/strong><\/p>\n\n\n\n<p class=\"has-text-align-center has-contrast-3-color has-text-color has-small-font-size\" style=\"font-style:normal;font-weight:300\">La gouvernance du fonds se veut particuli\u00e8rement d\u00e9mocratique et dans le m\u00eame temps assez balis\u00e9e pour \u00eatre s\u00fbre que le fonds ne d\u00e9vie jamais de ses valeurs fondatrices et que son patrimoine immobilier reste un bien commun au service de l\u2019int\u00e9r\u00eat g\u00e9n\u00e9ral et de l\u2019objet social initial d\u2019Eraiki.<\/p>\n<\/div>\n<\/div>\n<\/div>\n\n\n\n<div class=\"wp-block-group has-global-padding is-layout-constrained wp-block-group-is-layout-constrained\">\n<h2 class=\"wp-block-heading\">Contactez Ainize:<\/h2>\n\n\n\n<div class=\"wp-block-contact-form-7-contact-form-selector\">\n<div class=\"wpcf7 no-js\" id=\"wpcf7-f338-o1\" lang=\"fr-FR\" dir=\"ltr\" data-wpcf7-id=\"338\">\n<div class=\"screen-reader-response\"><p role=\"status\" aria-live=\"polite\" aria-atomic=\"true\"><\/p> <ul><\/ul><\/div>\n<form action=\"\/fr\/wp-json\/wp\/v2\/pages\/625#wpcf7-f338-o1\" method=\"post\" class=\"wpcf7-form init\" aria-label=\"Formulaire de contact\" novalidate=\"novalidate\" data-status=\"init\">\n<div style=\"display: none;\">\n<input type=\"hidden\" name=\"_wpcf7\" value=\"338\" \/>\n<input type=\"hidden\" name=\"_wpcf7_version\" value=\"6.0.1\" \/>\n<input type=\"hidden\" name=\"_wpcf7_locale\" value=\"fr_FR\" \/>\n<input type=\"hidden\" name=\"_wpcf7_unit_tag\" value=\"wpcf7-f338-o1\" \/>\n<input type=\"hidden\" name=\"_wpcf7_container_post\" value=\"0\" \/>\n<input type=\"hidden\" name=\"_wpcf7_posted_data_hash\" value=\"\" \/>\n<input type=\"hidden\" name=\"_wpcf7_recaptcha_response\" value=\"\" \/>\n<\/div>\n<p><label> Votre nom<br \/>\n<span class=\"wpcf7-form-control-wrap\" data-name=\"your-name\"><input size=\"40\" maxlength=\"400\" class=\"wpcf7-form-control wpcf7-text wpcf7-validates-as-required\" autocomplete=\"name\" aria-required=\"true\" aria-invalid=\"false\" value=\"\" type=\"text\" name=\"your-name\" \/><\/span> <\/label>\n<\/p>\n<p><label> Votre e-mail<br \/>\n<span class=\"wpcf7-form-control-wrap\" data-name=\"your-email\"><input size=\"40\" maxlength=\"400\" class=\"wpcf7-form-control wpcf7-email wpcf7-validates-as-required wpcf7-text wpcf7-validates-as-email\" autocomplete=\"email\" aria-required=\"true\" aria-invalid=\"false\" value=\"\" type=\"email\" name=\"your-email\" \/><\/span> <\/label>\n<\/p>\n<p><label> Objet<br \/>\n<span class=\"wpcf7-form-control-wrap\" data-name=\"your-subject\"><input size=\"40\" maxlength=\"400\" class=\"wpcf7-form-control wpcf7-text wpcf7-validates-as-required\" aria-required=\"true\" aria-invalid=\"false\" value=\"\" type=\"text\" name=\"your-subject\" \/><\/span> <\/label>\n<\/p>\n<p><label> Votre message (facultatif)<br \/>\n<span class=\"wpcf7-form-control-wrap\" data-name=\"your-message\"><textarea cols=\"40\" rows=\"10\" maxlength=\"2000\" class=\"wpcf7-form-control wpcf7-textarea\" aria-invalid=\"false\" name=\"your-message\"><\/textarea><\/span> <\/label>\n<\/p>\n<p><input class=\"wpcf7-form-control wpcf7-submit has-spinner\" type=\"submit\" value=\"Envoyer\" \/>\n<\/p><div class=\"wpcf7-response-output\" aria-hidden=\"true\"><\/div>\n<\/form>\n<\/div>\n<\/div>\n<\/div>\n\n\n\n<p><\/p>\n","protected":false},"excerpt":{"rendered":"<p>Le legs est une disposition testamentaire qui permet de transmettre tout ou partie de votre patrimoine (biens immobiliers, objets pr\u00e9cieux, sommes d\u2019argent\u2026) \u00e0 un b\u00e9n\u00e9ficiaire de votre choix, comme Eraiki. Pour cela, il suffit de mentionner Eraiki dans votre testament, un document que vous pouvez modifier ou annuler \u00e0 tout moment. Il existe plusieurs types [&hellip;]<\/p>\n","protected":false},"author":2,"featured_media":0,"parent":0,"menu_order":0,"comment_status":"closed","ping_status":"closed","template":"","meta":{"_monsterinsights_skip_tracking":false,"_monsterinsights_sitenote_active":false,"_monsterinsights_sitenote_note":"","_monsterinsights_sitenote_category":0,"footnotes":""},"class_list":["post-625","page","type-page","status-publish","hentry"],"pbg_featured_image_src":{"full":false,"thumbnail":false,"medium":false,"medium_large":false,"large":false,"1536x1536":false,"2048x2048":false},"pbg_author_info":{"display_name":"yannick","author_link":"https:\/\/eraiki-funtsa.eus\/fr\/author\/yannick\/","author_img":"<img alt='yannick' src='https:\/\/secure.gravatar.com\/avatar\/a0f96dacd906b69a07bbfb9bf246329608c8c8237d23b6fcc4e5d67532ab061b?s=128&#038;d=mm&#038;r=g' srcset='https:\/\/secure.gravatar.com\/avatar\/a0f96dacd906b69a07bbfb9bf246329608c8c8237d23b6fcc4e5d67532ab061b?s=256&#038;d=mm&#038;r=g 2x' class='avatar avatar-128 photo' height='128' width='128' loading='lazy' decoding='async'\/>"},"pbg_comment_info":" No Comments","pbg_excerpt":"Le legs est une disposition testamentaire qui permet de transmettre tout ou partie de votre patrimoine (biens immobiliers, objets pr\u00e9cieux, sommes d\u2019argent\u2026) \u00e0 un b\u00e9n\u00e9ficiaire de votre choix, comme Eraiki. Pour cela, il suffit de mentionner Eraiki dans votre testament, un document que vous pouvez modifier ou annuler \u00e0 tout moment. Il existe plusieurs types\u2026","_links":{"self":[{"href":"https:\/\/eraiki-funtsa.eus\/fr\/wp-json\/wp\/v2\/pages\/625","targetHints":{"allow":["GET"]}}],"collection":[{"href":"https:\/\/eraiki-funtsa.eus\/fr\/wp-json\/wp\/v2\/pages"}],"about":[{"href":"https:\/\/eraiki-funtsa.eus\/fr\/wp-json\/wp\/v2\/types\/page"}],"author":[{"embeddable":true,"href":"https:\/\/eraiki-funtsa.eus\/fr\/wp-json\/wp\/v2\/users\/2"}],"replies":[{"embeddable":true,"href":"https:\/\/eraiki-funtsa.eus\/fr\/wp-json\/wp\/v2\/comments?post=625"}],"version-history":[{"count":40,"href":"https:\/\/eraiki-funtsa.eus\/fr\/wp-json\/wp\/v2\/pages\/625\/revisions"}],"predecessor-version":[{"id":1363,"href":"https:\/\/eraiki-funtsa.eus\/fr\/wp-json\/wp\/v2\/pages\/625\/revisions\/1363"}],"wp:attachment":[{"href":"https:\/\/eraiki-funtsa.eus\/fr\/wp-json\/wp\/v2\/media?parent=625"}],"curies":[{"name":"wp","href":"https:\/\/api.w.org\/{rel}","templated":true}]}}