{"id":340,"date":"2024-11-28T19:41:42","date_gmt":"2024-11-28T18:41:42","guid":{"rendered":"https:\/\/eraiki-funtsa.eus\/?page_id=340"},"modified":"2024-12-31T10:21:17","modified_gmt":"2024-12-31T09:21:17","slug":"contactez-nous","status":"publish","type":"page","link":"https:\/\/eraiki-funtsa.eus\/fr\/contactez-nous\/","title":{"rendered":"Contactez-nous"},"content":{"rendered":"\n<h2 class=\"wp-block-heading\">Ecrivez-nous<\/h2>\n\n\n\n<div class=\"wp-block-contact-form-7-contact-form-selector\">\n<div class=\"wpcf7 no-js\" id=\"wpcf7-f338-o1\" lang=\"fr-FR\" dir=\"ltr\" data-wpcf7-id=\"338\">\n<div class=\"screen-reader-response\"><p role=\"status\" aria-live=\"polite\" aria-atomic=\"true\"><\/p> <ul><\/ul><\/div>\n<form action=\"\/fr\/wp-json\/wp\/v2\/pages\/340#wpcf7-f338-o1\" method=\"post\" class=\"wpcf7-form init\" aria-label=\"Formulaire de contact\" novalidate=\"novalidate\" data-status=\"init\">\n<div style=\"display: none;\">\n<input type=\"hidden\" name=\"_wpcf7\" value=\"338\" \/>\n<input type=\"hidden\" name=\"_wpcf7_version\" value=\"6.0.1\" \/>\n<input type=\"hidden\" name=\"_wpcf7_locale\" value=\"fr_FR\" \/>\n<input type=\"hidden\" name=\"_wpcf7_unit_tag\" value=\"wpcf7-f338-o1\" \/>\n<input type=\"hidden\" name=\"_wpcf7_container_post\" value=\"0\" \/>\n<input type=\"hidden\" name=\"_wpcf7_posted_data_hash\" value=\"\" \/>\n<input type=\"hidden\" name=\"_wpcf7_recaptcha_response\" value=\"\" \/>\n<\/div>\n<p><label> Votre nom<br \/>\n<span class=\"wpcf7-form-control-wrap\" data-name=\"your-name\"><input size=\"40\" maxlength=\"400\" class=\"wpcf7-form-control wpcf7-text wpcf7-validates-as-required\" autocomplete=\"name\" aria-required=\"true\" aria-invalid=\"false\" value=\"\" type=\"text\" name=\"your-name\" \/><\/span> <\/label>\n<\/p>\n<p><label> Votre e-mail<br \/>\n<span class=\"wpcf7-form-control-wrap\" data-name=\"your-email\"><input size=\"40\" maxlength=\"400\" class=\"wpcf7-form-control wpcf7-email wpcf7-validates-as-required wpcf7-text wpcf7-validates-as-email\" autocomplete=\"email\" aria-required=\"true\" aria-invalid=\"false\" value=\"\" type=\"email\" name=\"your-email\" \/><\/span> <\/label>\n<\/p>\n<p><label> Objet<br \/>\n<span class=\"wpcf7-form-control-wrap\" data-name=\"your-subject\"><input size=\"40\" maxlength=\"400\" class=\"wpcf7-form-control wpcf7-text wpcf7-validates-as-required\" aria-required=\"true\" aria-invalid=\"false\" value=\"\" type=\"text\" name=\"your-subject\" \/><\/span> <\/label>\n<\/p>\n<p><label> Votre message (facultatif)<br \/>\n<span class=\"wpcf7-form-control-wrap\" data-name=\"your-message\"><textarea cols=\"40\" rows=\"10\" maxlength=\"2000\" class=\"wpcf7-form-control wpcf7-textarea\" aria-invalid=\"false\" name=\"your-message\"><\/textarea><\/span> <\/label>\n<\/p>\n<p><input class=\"wpcf7-form-control wpcf7-submit has-spinner\" type=\"submit\" value=\"Envoyer\" \/>\n<\/p><div class=\"wpcf7-response-output\" aria-hidden=\"true\"><\/div>\n<\/form>\n<\/div>\n<\/div>\n\n\n\n<div class=\"wp-block-group alignfull has-global-padding is-layout-constrained wp-block-group-is-layout-constrained\">\n<div class=\"wp-block-columns alignwide is-layout-flex wp-container-core-columns-is-layout-041737d3 wp-block-columns-is-layout-flex tw-large-gap\">\n<div class=\"wp-block-column is-vertically-aligned-center is-layout-flow wp-block-column-is-layout-flow\" style=\"--col-width:40%;flex-basis:40%\">\n<h2 class=\"wp-block-heading\">Contacts<\/h2>\n\n\n\n<h3 class=\"wp-block-heading\" style=\"margin-top:32px;font-size:clamp(1.125em, 1.125rem + ((1vw - 0.2em) * 0.208), 1.25em);\">Adresse<\/h3>\n\n\n\n<p>20 rue des Cordeliers<br>64100 Bayonne<\/p>\n\n\n\n<h3 class=\"wp-block-heading\" style=\"margin-top:32px;font-size:clamp(1.125em, 1.125rem + ((1vw - 0.2em) * 0.208), 1.25em);\">T\u00e9l\u00e9phone<\/h3>\n\n\n\n<p>+33 6 33 04 56 62<br><\/p>\n<\/div>\n\n\n\n<div class=\"wp-block-column is-layout-flow wp-block-column-is-layout-flow\" style=\"--col-width:60%;flex-basis:60%\">\n<figure><iframe src=\"https:\/\/www.google.com\/maps\/embed?pb=!1m18!1m12!1m3!1d2931.685323011418!2d-1.4753550792246997!3d43.48901338537686!2m3!1f0!2f0!3f0!3m2!1i1024!2i768!4f13.1!3m3!1m2!1s0xd51408de4fe85bf%3A0x9a0ea872d0e3f185!2s20%20Rue%20des%20Cordeliers%2C%2064100%20Bayonne!5e1!3m2!1sfr!2sfr!4v1732819218721!5m2!1sfr!2sfr\" width=\"600\" height=\"350\" style=\"border:0;\" allowfullscreen=\"\" loading=\"lazy\" referrerpolicy=\"no-referrer-when-downgrade\"><\/iframe><\/figure>\n<\/div>\n<\/div>\n<\/div>\n\n\n\n<div class=\"wp-block-group alignfull has-base-color has-contrast-background-color has-text-color has-background has-global-padding is-layout-constrained wp-container-core-group-is-layout-5afe9d9f wp-block-group-is-layout-constrained\" style=\"margin-top:0;margin-bottom:0;padding-top:var(--wp--preset--spacing--30);padding-right:var(--wp--preset--spacing--60);padding-bottom:var(--wp--preset--spacing--30);padding-left:var(--wp--preset--spacing--60)\">\n<div class=\"wp-block-group has-global-padding is-layout-constrained wp-block-group-is-layout-constrained\">\n<p class=\"has-text-align-center has-base-color has-text-color has-heading-font-family has-x-large-font-size\" style=\"line-height:1.2\"><em>\u00ab&nbsp;T\u00e9moignage&nbsp;\u00bb<\/em><\/p>\n\n\n\n<div style=\"height:var(--wp--preset--spacing--10)\" aria-hidden=\"true\" class=\"wp-block-spacer\"><\/div>\n\n\n\n<div class=\"wp-block-group is-vertical is-content-justification-center is-nowrap is-layout-flex wp-container-core-group-is-layout-2dc08cea wp-block-group-is-layout-flex\">\n<figure class=\"wp-block-image aligncenter size-thumbnail is-resized has-custom-border\"><img loading=\"lazy\" decoding=\"async\" width=\"150\" height=\"150\" src=\"http:\/\/eraiki-funtsa.eus\/wp-content\/uploads\/2024\/12\/Oihana-DRIOLLET-edited-150x150.jpg\" alt=\"\" class=\"wp-image-1146\" style=\"border-radius:100px;aspect-ratio:1;object-fit:cover;width:60px\" srcset=\"https:\/\/eraiki-funtsa.eus\/wp-content\/uploads\/2024\/12\/Oihana-DRIOLLET-edited-150x150.jpg 150w, https:\/\/eraiki-funtsa.eus\/wp-content\/uploads\/2024\/12\/Oihana-DRIOLLET-edited.jpg 242w\" sizes=\"auto, (max-width: 150px) 100vw, 150px\" \/><\/figure>\n\n\n\n<p class=\"has-text-align-center\" style=\"margin-top:var(--wp--preset--spacing--10);margin-bottom:0\"><strong>Oihana Driollet, <br>membre du Conseil d\u2019Administration<\/strong><\/p>\n\n\n\n<p class=\"has-text-align-center has-contrast-3-color has-text-color has-small-font-size\" style=\"font-style:normal;font-weight:300\">Le Fonds de dotation Eraiki a \u00e9t\u00e9 cr\u00e9\u00e9 pour s\u00e9curiser le patrimoine foncier et immobilier des associations et diverses structures travaillant pour r\u00e9pondre aux d\u00e9fis auxquels est confront\u00e9 le Pays Basque. Eraiki veut garantir que ce patrimoine reste durablement au service de l\u2019int\u00e9r\u00eat g\u00e9n\u00e9ral, du mouvement, sans vis\u00e9e lucrative. Eraiki vise aussi \u00e0 collecter des fonds et les redistribuer au service des associations et des projets qui correspondent aux m\u00eames objectifs et valeurs globales.<\/p>\n<\/div>\n<\/div>\n<\/div>\n","protected":false},"excerpt":{"rendered":"<p>Ecrivez-nous Contacts Adresse 20 rue des Cordeliers64100 Bayonne T\u00e9l\u00e9phone +33 6 33 04 56 62 \u00ab&nbsp;T\u00e9moignage&nbsp;\u00bb Oihana Driollet, membre du Conseil d\u2019Administration Le Fonds de dotation Eraiki a \u00e9t\u00e9 cr\u00e9\u00e9 pour s\u00e9curiser le patrimoine foncier et immobilier des associations et diverses structures travaillant pour r\u00e9pondre aux d\u00e9fis auxquels est confront\u00e9 le Pays Basque. Eraiki veut [&hellip;]<\/p>\n","protected":false},"author":1,"featured_media":0,"parent":0,"menu_order":0,"comment_status":"closed","ping_status":"closed","template":"","meta":{"_monsterinsights_skip_tracking":false,"_monsterinsights_sitenote_active":false,"_monsterinsights_sitenote_note":"","_monsterinsights_sitenote_category":0,"footnotes":""},"class_list":["post-340","page","type-page","status-publish","hentry"],"pbg_featured_image_src":{"full":false,"thumbnail":false,"medium":false,"medium_large":false,"large":false,"1536x1536":false,"2048x2048":false},"pbg_author_info":{"display_name":"Admin","author_link":"https:\/\/eraiki-funtsa.eus\/fr\/author\/admin9569\/","author_img":"<img alt='Admin' src='https:\/\/secure.gravatar.com\/avatar\/58adf6f62c75960ca932413a2575018bb70aa75ee0eecb71c7c993ef17bfdba2?s=128&#038;d=mm&#038;r=g' srcset='https:\/\/secure.gravatar.com\/avatar\/58adf6f62c75960ca932413a2575018bb70aa75ee0eecb71c7c993ef17bfdba2?s=256&#038;d=mm&#038;r=g 2x' class='avatar avatar-128 photo' height='128' width='128' loading='lazy' decoding='async'\/>"},"pbg_comment_info":" No Comments","pbg_excerpt":"Ecrivez-nous Contacts Adresse 20 rue des Cordeliers64100 Bayonne T\u00e9l\u00e9phone +33 6 33 04 56 62 \u00ab&nbsp;T\u00e9moignage&nbsp;\u00bb Oihana Driollet, membre du Conseil d\u2019Administration Le Fonds de dotation Eraiki a \u00e9t\u00e9 cr\u00e9\u00e9 pour s\u00e9curiser le patrimoine foncier et immobilier des associations et diverses structures travaillant pour r\u00e9pondre aux d\u00e9fis auxquels est confront\u00e9 le Pays Basque. Eraiki veut\u2026","_links":{"self":[{"href":"https:\/\/eraiki-funtsa.eus\/fr\/wp-json\/wp\/v2\/pages\/340","targetHints":{"allow":["GET"]}}],"collection":[{"href":"https:\/\/eraiki-funtsa.eus\/fr\/wp-json\/wp\/v2\/pages"}],"about":[{"href":"https:\/\/eraiki-funtsa.eus\/fr\/wp-json\/wp\/v2\/types\/page"}],"author":[{"embeddable":true,"href":"https:\/\/eraiki-funtsa.eus\/fr\/wp-json\/wp\/v2\/users\/1"}],"replies":[{"embeddable":true,"href":"https:\/\/eraiki-funtsa.eus\/fr\/wp-json\/wp\/v2\/comments?post=340"}],"version-history":[{"count":8,"href":"https:\/\/eraiki-funtsa.eus\/fr\/wp-json\/wp\/v2\/pages\/340\/revisions"}],"predecessor-version":[{"id":1292,"href":"https:\/\/eraiki-funtsa.eus\/fr\/wp-json\/wp\/v2\/pages\/340\/revisions\/1292"}],"wp:attachment":[{"href":"https:\/\/eraiki-funtsa.eus\/fr\/wp-json\/wp\/v2\/media?parent=340"}],"curies":[{"name":"wp","href":"https:\/\/api.w.org\/{rel}","templated":true}]}}