{"id":322,"date":"2024-12-04T13:51:34","date_gmt":"2024-12-04T12:51:34","guid":{"rendered":"https:\/\/eraiki-funtsa.eus\/?page_id=322"},"modified":"2025-01-14T15:35:08","modified_gmt":"2025-01-14T14:35:08","slug":"soutenir-les-projets","status":"publish","type":"page","link":"https:\/\/eraiki-funtsa.eus\/fr\/soutenir-les-projets\/","title":{"rendered":"Soutenir le projet Patxoki Berria"},"content":{"rendered":"\n<p>Pour nous aider \u00e0 financer le projet Patxoki Berria, il existe 4 mani\u00e8res de faire un don (CB, virement bancaire, virement eusko et ch\u00e8ques).<\/p>\n\n\n\n<figure class=\"wp-block-image alignright size-large is-resized\"><img loading=\"lazy\" decoding=\"async\" width=\"1024\" height=\"576\" src=\"http:\/\/eraiki-funtsa.eus\/wp-content\/uploads\/2024\/12\/Patxoki-berria-place-patxa-1024x576.jpg\" alt=\"\" class=\"wp-image-641\" style=\"width:338px;height:auto\" srcset=\"https:\/\/eraiki-funtsa.eus\/wp-content\/uploads\/2024\/12\/Patxoki-berria-place-patxa-1024x576.jpg 1024w, https:\/\/eraiki-funtsa.eus\/wp-content\/uploads\/2024\/12\/Patxoki-berria-place-patxa-300x169.jpg 300w, https:\/\/eraiki-funtsa.eus\/wp-content\/uploads\/2024\/12\/Patxoki-berria-place-patxa-768x432.jpg 768w, https:\/\/eraiki-funtsa.eus\/wp-content\/uploads\/2024\/12\/Patxoki-berria-place-patxa-1536x864.jpg 1536w, https:\/\/eraiki-funtsa.eus\/wp-content\/uploads\/2024\/12\/Patxoki-berria-place-patxa-2048x1152.jpg 2048w\" sizes=\"auto, (max-width: 1024px) 100vw, 1024px\" \/><\/figure>\n\n\n\n<p>Chaque don est important ! Le don \u00e0 Eraiki ouvre droit \u00e0 une r\u00e9duction r\u00e9duction d\u2019imp\u00f4t de 66% car il remplit les conditions g\u00e9n\u00e9rales pr\u00e9vues aux articles 200 et 238 bis du code g\u00e9n\u00e9ral des imp\u00f4ts.(*)<\/p>\n\n\n\n<p>Ensemble, relevons le d\u00e9fi !<em> <\/em>Aitzinetik milesker !<\/p>\n\n\n\n<p>(*) Vous pouvez b\u00e9n\u00e9ficier de d\u00e9duction fiscale&nbsp;: si vous donnez 100 euros, 66 euros de d\u00e9duction fiscale seront d\u00e9duits et le co\u00fbt final pour vous ne sera plus que de 34 euros.<\/p>\n\n\n\n<hr class=\"wp-block-separator has-alpha-channel-opacity\"\/>\n\n\n\n<div class=\"wp-block-group alignfull has-global-padding is-layout-constrained wp-block-group-is-layout-constrained\">\n<div class=\"wp-block-columns alignwide tw-cols-stack-md is-layout-flex wp-container-core-columns-is-layout-207311c6 wp-block-columns-is-layout-flex tw-large-gap\">\n<div class=\"wp-block-column is-layout-flow wp-block-column-is-layout-flow\">\n<figure class=\"wp-block-image aligncenter size-large is-resized\"><img loading=\"lazy\" decoding=\"async\" width=\"1024\" height=\"1024\" src=\"http:\/\/eraiki-funtsa.eus\/wp-content\/uploads\/2024\/12\/visuel-don-eraiki-2-1024x1024.png\" alt=\"\" class=\"wp-image-552\" style=\"width:252px;height:auto\" srcset=\"https:\/\/eraiki-funtsa.eus\/wp-content\/uploads\/2024\/12\/visuel-don-eraiki-2-1024x1024.png 1024w, https:\/\/eraiki-funtsa.eus\/wp-content\/uploads\/2024\/12\/visuel-don-eraiki-2-300x300.png 300w, https:\/\/eraiki-funtsa.eus\/wp-content\/uploads\/2024\/12\/visuel-don-eraiki-2-150x150.png 150w, https:\/\/eraiki-funtsa.eus\/wp-content\/uploads\/2024\/12\/visuel-don-eraiki-2-768x768.png 768w, https:\/\/eraiki-funtsa.eus\/wp-content\/uploads\/2024\/12\/visuel-don-eraiki-2.png 1417w\" sizes=\"auto, (max-width: 1024px) 100vw, 1024px\" \/><\/figure>\n<\/div>\n\n\n\n<div class=\"wp-block-column is-vertically-aligned-center has-global-padding is-content-justification-left is-layout-constrained wp-container-core-column-is-layout-12dd3699 wp-block-column-is-layout-constrained\">\n<h2 class=\"wp-block-heading\">Don par carte bancaire<\/h2>\n\n\n\n<p class=\"has-text-align-left\"><strong><strong>via le <a href=\"https:\/\/www.helloasso.com\/associations\/eraiki\/formulaires\/1\" data-type=\"link\" data-id=\"https:\/\/www.helloasso.com\/associations\/eraiki\/formulaires\/1\" target=\"_blank\" rel=\"noreferrer noopener\">site internet Hello asso<\/a><\/strong><\/strong><\/p>\n\n\n\n<p class=\"has-text-align-left\"><\/p>\n\n\n\n<p class=\"has-text-align-left\"><\/p>\n<\/div>\n<\/div>\n<\/div>\n\n\n\n<div class=\"wp-block-group iframe-container has-global-padding is-content-justification-center is-layout-constrained wp-container-core-group-is-layout-04084e34 wp-block-group-is-layout-constrained\" style=\"min-height:0px\">\n<div class=\"wp-block-brad-border-box\">\t\t\t<iframe\n\t\t\t\tid=\"idIframe\"\n\t\t\t\tsrc=\"https:\/\/www.helloasso.com\/associations\/eraiki\/formulaires\/1\/widget\"\n\t\t\t\theight=750px\"\t\t\t\twidth=100%\"\t\t\t\tframeborder=\"0\"\n\t\t\t\tloading=\"lazy\"\n\t\t\t\tallowtransparency=\"true\"\n\t\t\t\tonload=\"resizeIframeMessage()\"><\/iframe>\n<\/div>\n<\/div>\n\n\n\n<hr class=\"wp-block-separator has-alpha-channel-opacity\"\/>\n\n\n\n<div class=\"wp-block-group alignfull has-global-padding is-layout-constrained wp-block-group-is-layout-constrained\">\n<div class=\"wp-block-columns alignwide tw-cols-stack-md is-layout-flex wp-container-core-columns-is-layout-207311c6 wp-block-columns-is-layout-flex tw-large-gap\">\n<div class=\"wp-block-column is-layout-flow wp-block-column-is-layout-flow\">\n<figure class=\"wp-block-image aligncenter size-large is-resized\"><img loading=\"lazy\" decoding=\"async\" width=\"1024\" height=\"1024\" src=\"http:\/\/eraiki-funtsa.eus\/wp-content\/uploads\/2024\/12\/visuel-don-eraiki-2-1-1024x1024.png\" alt=\"\" class=\"wp-image-564\" style=\"width:252px;height:auto\" srcset=\"https:\/\/eraiki-funtsa.eus\/wp-content\/uploads\/2024\/12\/visuel-don-eraiki-2-1-1024x1024.png 1024w, https:\/\/eraiki-funtsa.eus\/wp-content\/uploads\/2024\/12\/visuel-don-eraiki-2-1-300x300.png 300w, https:\/\/eraiki-funtsa.eus\/wp-content\/uploads\/2024\/12\/visuel-don-eraiki-2-1-150x150.png 150w, https:\/\/eraiki-funtsa.eus\/wp-content\/uploads\/2024\/12\/visuel-don-eraiki-2-1-768x768.png 768w, https:\/\/eraiki-funtsa.eus\/wp-content\/uploads\/2024\/12\/visuel-don-eraiki-2-1.png 1417w\" sizes=\"auto, (max-width: 1024px) 100vw, 1024px\" \/><\/figure>\n<\/div>\n\n\n\n<div class=\"wp-block-column is-vertically-aligned-center has-global-padding is-content-justification-left is-layout-constrained wp-container-core-column-is-layout-12dd3699 wp-block-column-is-layout-constrained\">\n<h2 class=\"wp-block-heading\">Don par virement bancaire<\/h2>\n\n\n\n<p class=\"has-text-align-left\"><strong>Num\u00e9ro IBAN de Eraiki : FR76 1027 8022 7700 0214 4140 143<\/strong><\/p>\n\n\n\n<p class=\"has-text-align-left\">\u2192 Visualiser le RIB en <a href=\"http:\/\/eraiki-funtsa.eus\/wp-content\/uploads\/2024\/12\/RIB-ERAIKI.pdf\" target=\"_blank\" rel=\"noreferrer noopener\">cliquant ici<\/a> :<\/p>\n\n\n\n<div class=\"wp-block-buttons is-content-justification-center is-layout-flex wp-container-core-buttons-is-layout-e7f25eb7 wp-block-buttons-is-layout-flex\" style=\"margin-top:32px\">\n<div class=\"wp-block-button\"><a class=\"wp-block-button__link wp-element-button\" href=\"http:\/\/eraiki-funtsa.eus\/wp-content\/uploads\/2024\/12\/RIB-ERAIKI.pdf\" target=\"_blank\" rel=\"noreferrer noopener\">RIB IBAN ERAIKI<\/a><\/div>\n<\/div>\n\n\n\n<p class=\"has-text-align-left\"><em>Si vous souhaitez un re\u00e7u fiscal apr\u00e8s un virement bancaire ou en eusko, merci de nous \u00e9crire <a href=\"https:\/\/eraiki-funtsa.eus\/fr\/contactez-nous\/\">en cliquant ici <\/a>en indiquant votre nom, pr\u00e9nom et adresse afin d\u2019\u00e9diter le document.<\/em><\/p>\n<\/div>\n<\/div>\n<\/div>\n\n\n\n<hr class=\"wp-block-separator has-alpha-channel-opacity\"\/>\n\n\n\n<div class=\"wp-block-group alignfull has-global-padding is-layout-constrained wp-block-group-is-layout-constrained\">\n<div class=\"wp-block-columns alignwide tw-cols-stack-md is-layout-flex wp-container-core-columns-is-layout-207311c6 wp-block-columns-is-layout-flex tw-large-gap\">\n<div class=\"wp-block-column is-layout-flow wp-block-column-is-layout-flow\">\n<figure class=\"wp-block-image aligncenter size-large is-resized\"><img loading=\"lazy\" decoding=\"async\" width=\"1024\" height=\"1024\" src=\"http:\/\/eraiki-funtsa.eus\/wp-content\/uploads\/2024\/12\/visuel-don-eraiki-4-1024x1024.png\" alt=\"\" class=\"wp-image-554\" style=\"width:252px;height:auto\" srcset=\"https:\/\/eraiki-funtsa.eus\/wp-content\/uploads\/2024\/12\/visuel-don-eraiki-4-1024x1024.png 1024w, https:\/\/eraiki-funtsa.eus\/wp-content\/uploads\/2024\/12\/visuel-don-eraiki-4-300x300.png 300w, https:\/\/eraiki-funtsa.eus\/wp-content\/uploads\/2024\/12\/visuel-don-eraiki-4-150x150.png 150w, https:\/\/eraiki-funtsa.eus\/wp-content\/uploads\/2024\/12\/visuel-don-eraiki-4-768x768.png 768w, https:\/\/eraiki-funtsa.eus\/wp-content\/uploads\/2024\/12\/visuel-don-eraiki-4.png 1417w\" sizes=\"auto, (max-width: 1024px) 100vw, 1024px\" \/><\/figure>\n<\/div>\n\n\n\n<div class=\"wp-block-column is-vertically-aligned-center has-global-padding is-content-justification-left is-layout-constrained wp-container-core-column-is-layout-12dd3699 wp-block-column-is-layout-constrained\">\n<h2 class=\"wp-block-heading\">Don par virement eusko<\/h2>\n\n\n\n<p class=\"has-text-align-left\"><strong>sur le <a href=\"https:\/\/moncompte.euskalmoneta.org\/fr\/login\" data-type=\"link\" data-id=\"https:\/\/moncompte.euskalmoneta.org\/fr\/login\" target=\"_blank\" rel=\"noreferrer noopener\">site d\u2019Euskal Moneta<\/a>.&nbsp;<\/strong><\/p>\n\n\n\n<p class=\"has-text-align-left\"><strong>A adresser au Fonds de dotation Eraiki : num\u00e9ro de compte 659668903&nbsp;<\/strong><\/p>\n\n\n\n<p class=\"has-text-align-left\">\u2192 Visualiser le RIE (Relev\u00e9 d&rsquo;identit\u00e9 Eusko) :<\/p>\n\n\n\n<div class=\"wp-block-buttons is-content-justification-center is-layout-flex wp-container-core-buttons-is-layout-e7f25eb7 wp-block-buttons-is-layout-flex\" style=\"margin-top:32px\">\n<div class=\"wp-block-button\"><a class=\"wp-block-button__link wp-element-button\" href=\"http:\/\/eraiki-funtsa.eus\/wp-content\/uploads\/2024\/12\/RIE-ERAIKI-Compte-eusko.pdf\" target=\"_blank\" rel=\"noreferrer noopener\">Relev\u00e9 d&rsquo;identit\u00e9 Eusko ERAIKI<\/a><\/div>\n<\/div>\n\n\n\n<p class=\"has-text-align-left\"><em>Si vous souhaitez un re\u00e7u fiscal apr\u00e8s un virement bancaire ou en eusko, merci de nous \u00e9crire <a href=\"https:\/\/eraiki-funtsa.eus\/fr\/contactez-nous\/\">en cliquant ici <\/a>en indiquant votre nom, pr\u00e9nom et adresse afin d\u2019\u00e9diter le document.<\/em><\/p>\n<\/div>\n<\/div>\n<\/div>\n\n\n\n<hr class=\"wp-block-separator has-alpha-channel-opacity\"\/>\n\n\n\n<div class=\"wp-block-group alignfull has-global-padding is-layout-constrained wp-block-group-is-layout-constrained\">\n<div class=\"wp-block-columns alignwide tw-cols-stack-md is-layout-flex wp-container-core-columns-is-layout-207311c6 wp-block-columns-is-layout-flex tw-large-gap\">\n<div class=\"wp-block-column is-layout-flow wp-block-column-is-layout-flow\">\n<figure class=\"wp-block-image aligncenter size-large is-resized\"><img loading=\"lazy\" decoding=\"async\" width=\"1024\" height=\"1024\" src=\"http:\/\/eraiki-funtsa.eus\/wp-content\/uploads\/2024\/12\/visuel-don-eraiki-1-1024x1024.png\" alt=\"\" class=\"wp-image-561\" style=\"width:256px;height:auto\" srcset=\"https:\/\/eraiki-funtsa.eus\/wp-content\/uploads\/2024\/12\/visuel-don-eraiki-1-1024x1024.png 1024w, https:\/\/eraiki-funtsa.eus\/wp-content\/uploads\/2024\/12\/visuel-don-eraiki-1-300x300.png 300w, https:\/\/eraiki-funtsa.eus\/wp-content\/uploads\/2024\/12\/visuel-don-eraiki-1-150x150.png 150w, https:\/\/eraiki-funtsa.eus\/wp-content\/uploads\/2024\/12\/visuel-don-eraiki-1-768x768.png 768w, https:\/\/eraiki-funtsa.eus\/wp-content\/uploads\/2024\/12\/visuel-don-eraiki-1.png 1417w\" sizes=\"auto, (max-width: 1024px) 100vw, 1024px\" \/><\/figure>\n<\/div>\n\n\n\n<div class=\"wp-block-column is-vertically-aligned-center has-global-padding is-content-justification-left is-layout-constrained wp-container-core-column-is-layout-12dd3699 wp-block-column-is-layout-constrained\">\n<h2 class=\"wp-block-heading\">Don par ch\u00e8que <\/h2>\n\n\n\n<p class=\"has-text-align-left\">\u00e0 l\u2019ordre de Eraiki, \u00e0 envoyer \u00e0 l\u2019adresse:<\/p>\n\n\n\n<p class=\"has-text-align-left\">20 rue des cordeliers<br>64100 Bayonne<strong>&nbsp;<\/strong><\/p>\n<\/div>\n<\/div>\n<\/div>\n\n\n\n<hr class=\"wp-block-separator has-alpha-channel-opacity\"\/>\n\n\n\n<div class=\"wp-block-group alignfull has-base-2-background-color has-background has-global-padding is-layout-constrained wp-container-core-group-is-layout-1026f38c wp-block-group-is-layout-constrained\">\n<div class=\"wp-block-columns alignwide is-layout-flex wp-container-core-columns-is-layout-fa6b1ff9 wp-block-columns-is-layout-flex\">\n<div class=\"wp-block-column has-base-background-color has-background is-layout-flow wp-block-column-is-layout-flow\" style=\"padding-top:40px;padding-right:32px;padding-bottom:40px;padding-left:32px\">\n<div class=\"wp-block-group tw-align-baseline is-content-justification-space-between is-nowrap is-layout-flex wp-container-core-group-is-layout-cb46ffcb wp-block-group-is-layout-flex\">\n<h3 class=\"wp-block-heading\">Legs, donation et assurance-vie<\/h3>\n<\/div>\n\n\n\n<p style=\"margin-top:16px\">Il existe de nombreuses fa\u00e7ons de soutenir Eraiki et de contribuer durablement \u00e0 ses <\/p>\n\n\n\n<p style=\"margin-top:16px\"><\/p>\n\n\n\n<p style=\"margin-top:16px\">actions en faveur d\u2019un Pays Basque ma\u00eetre de son pr\u00e9sent et de son avenir.<br><\/p>\n\n\n\n<figure class=\"wp-block-image alignleft size-large is-resized\"><img loading=\"lazy\" decoding=\"async\" width=\"1024\" height=\"1024\" src=\"http:\/\/eraiki-funtsa.eus\/wp-content\/uploads\/2024\/12\/legs-donation-assurance-vie-eraiki-1024x1024.png\" alt=\"\" class=\"wp-image-634\" style=\"width:319px;height:auto\" srcset=\"https:\/\/eraiki-funtsa.eus\/wp-content\/uploads\/2024\/12\/legs-donation-assurance-vie-eraiki-1024x1024.png 1024w, https:\/\/eraiki-funtsa.eus\/wp-content\/uploads\/2024\/12\/legs-donation-assurance-vie-eraiki-300x300.png 300w, https:\/\/eraiki-funtsa.eus\/wp-content\/uploads\/2024\/12\/legs-donation-assurance-vie-eraiki-150x150.png 150w, https:\/\/eraiki-funtsa.eus\/wp-content\/uploads\/2024\/12\/legs-donation-assurance-vie-eraiki-768x768.png 768w, https:\/\/eraiki-funtsa.eus\/wp-content\/uploads\/2024\/12\/legs-donation-assurance-vie-eraiki.png 1417w\" sizes=\"auto, (max-width: 1024px) 100vw, 1024px\" \/><\/figure>\n\n\n\n<p style=\"margin-top:16px\">Parmi elles, la transmission de patrimoine :<\/p>\n\n\n\n<ul class=\"wp-block-list\">\n<li><strong>Faire un legs<\/strong>, en d\u00e9signant Eraiki dans votre testament pour transmettre tout ou partie de vos biens.<\/li>\n\n\n\n<li><strong>Transmettre votre assurance-vie<\/strong>, en inscrivant l\u2019association comme b\u00e9n\u00e9ficiaire de votre contrat.<\/li>\n\n\n\n<li><strong>Faire une donation<\/strong>, un geste imm\u00e9diat pour soutenir des projets concrets.<\/li>\n<\/ul>\n\n\n\n<p>Ces trois moyens vous permettent de prolonger votre engagement en soutenant une cause qui vous tient \u00e0 c\u0153ur, tout en ayant un impact fort et durable sur les g\u00e9n\u00e9rations futures.<\/p>\n\n\n\n<p>Pour en savoir plus sur les d\u00e9marches \u00e0 suivre, n\u2019h\u00e9sitez pas \u00e0 nous contacter.&nbsp;<\/p>\n\n\n\n<p style=\"margin-top:16px\">Ensemble, construisons un avenir solidaire et porteur de sens!enlever<\/p>\n\n\n\n<div class=\"wp-block-buttons is-content-justification-center is-layout-flex wp-container-core-buttons-is-layout-a89b3969 wp-block-buttons-is-layout-flex\">\n<div class=\"wp-block-button\"><a class=\"wp-block-button__link wp-element-button\" href=\"https:\/\/eraiki-funtsa.eus\/fr\/legs-donations-et-assurance-vie\/\">En savoir plus sur le legs, la donation et l&rsquo;assurance-vie<\/a><\/div>\n<\/div>\n<\/div>\n<\/div>\n<\/div>\n\n\n\n<p><\/p>\n","protected":false},"excerpt":{"rendered":"<p>Pour nous aider \u00e0 financer le projet Patxoki Berria, il existe 4 mani\u00e8res de faire un don (CB, virement bancaire, virement eusko et ch\u00e8ques). Chaque don est important ! Le don \u00e0 Eraiki ouvre droit \u00e0 une r\u00e9duction r\u00e9duction d\u2019imp\u00f4t de 66% car il remplit les conditions g\u00e9n\u00e9rales pr\u00e9vues aux articles 200 et 238 bis [&hellip;]<\/p>\n","protected":false},"author":2,"featured_media":0,"parent":0,"menu_order":0,"comment_status":"closed","ping_status":"closed","template":"","meta":{"_monsterinsights_skip_tracking":false,"_monsterinsights_sitenote_active":false,"_monsterinsights_sitenote_note":"","_monsterinsights_sitenote_category":0,"footnotes":""},"class_list":["post-322","page","type-page","status-publish","hentry"],"pbg_featured_image_src":{"full":false,"thumbnail":false,"medium":false,"medium_large":false,"large":false,"1536x1536":false,"2048x2048":false},"pbg_author_info":{"display_name":"yannick","author_link":"https:\/\/eraiki-funtsa.eus\/fr\/author\/yannick\/","author_img":"<img alt='yannick' src='https:\/\/secure.gravatar.com\/avatar\/a0f96dacd906b69a07bbfb9bf246329608c8c8237d23b6fcc4e5d67532ab061b?s=128&#038;d=mm&#038;r=g' srcset='https:\/\/secure.gravatar.com\/avatar\/a0f96dacd906b69a07bbfb9bf246329608c8c8237d23b6fcc4e5d67532ab061b?s=256&#038;d=mm&#038;r=g 2x' class='avatar avatar-128 photo' height='128' width='128' loading='lazy' decoding='async'\/>"},"pbg_comment_info":" No Comments","pbg_excerpt":"Pour nous aider \u00e0 financer le projet Patxoki Berria, il existe 4 mani\u00e8res de faire un don (CB, virement bancaire, virement eusko et ch\u00e8ques). Chaque don est important ! Le don \u00e0 Eraiki ouvre droit \u00e0 une r\u00e9duction r\u00e9duction d\u2019imp\u00f4t de 66% car il remplit les conditions g\u00e9n\u00e9rales pr\u00e9vues aux articles 200 et 238 bis\u2026","_links":{"self":[{"href":"https:\/\/eraiki-funtsa.eus\/fr\/wp-json\/wp\/v2\/pages\/322","targetHints":{"allow":["GET"]}}],"collection":[{"href":"https:\/\/eraiki-funtsa.eus\/fr\/wp-json\/wp\/v2\/pages"}],"about":[{"href":"https:\/\/eraiki-funtsa.eus\/fr\/wp-json\/wp\/v2\/types\/page"}],"author":[{"embeddable":true,"href":"https:\/\/eraiki-funtsa.eus\/fr\/wp-json\/wp\/v2\/users\/2"}],"replies":[{"embeddable":true,"href":"https:\/\/eraiki-funtsa.eus\/fr\/wp-json\/wp\/v2\/comments?post=322"}],"version-history":[{"count":47,"href":"https:\/\/eraiki-funtsa.eus\/fr\/wp-json\/wp\/v2\/pages\/322\/revisions"}],"predecessor-version":[{"id":1326,"href":"https:\/\/eraiki-funtsa.eus\/fr\/wp-json\/wp\/v2\/pages\/322\/revisions\/1326"}],"wp:attachment":[{"href":"https:\/\/eraiki-funtsa.eus\/fr\/wp-json\/wp\/v2\/media?parent=322"}],"curies":[{"name":"wp","href":"https:\/\/api.w.org\/{rel}","templated":true}]}}