{"id":1482,"date":"2025-04-02T16:02:02","date_gmt":"2025-04-02T14:02:02","guid":{"rendered":"https:\/\/eraiki-funtsa.eus\/?page_id=1482"},"modified":"2025-04-02T16:02:03","modified_gmt":"2025-04-02T14:02:03","slug":"mentions-legales","status":"publish","type":"page","link":"https:\/\/eraiki-funtsa.eus\/fr\/mentions-legales\/","title":{"rendered":"Mentions l\u00e9gales"},"content":{"rendered":"\n<p><\/p>\n\n\n\n<p><strong>Editeur :<\/strong><br>le site www.eraiki-funtsa.eus est \u00e9dit\u00e9 par le Fonds de dotation ERAIKI<br>Si\u00e8ge social : 20 rue des cordeliers 64100 BAYONNE<br>Directeur de publication : Xebax Christy (pr\u00e9sident du Fonds de dotation)<\/p>\n\n\n\n<p><strong>H\u00e9bergeur :<\/strong><br>Le site est h\u00e9berg\u00e9 par OVH<br>www.ovh.com<br>Si\u00e8ge social : 2 rue Kellermann \u2013 59100 Roubaix \u2013 France<\/p>\n\n\n\n<p><\/p>\n","protected":false},"excerpt":{"rendered":"<p>Editeur :le site www.eraiki-funtsa.eus est \u00e9dit\u00e9 par le Fonds de dotation ERAIKISi\u00e8ge social : 20 rue des cordeliers 64100 BAYONNEDirecteur de publication : Xebax Christy (pr\u00e9sident du Fonds de dotation) H\u00e9bergeur :Le site est h\u00e9berg\u00e9 par OVHwww.ovh.comSi\u00e8ge social : 2 rue Kellermann \u2013 59100 Roubaix \u2013 France<\/p>\n","protected":false},"author":2,"featured_media":0,"parent":0,"menu_order":0,"comment_status":"closed","ping_status":"closed","template":"","meta":{"_monsterinsights_skip_tracking":false,"_monsterinsights_sitenote_active":false,"_monsterinsights_sitenote_note":"","_monsterinsights_sitenote_category":0,"footnotes":""},"class_list":["post-1482","page","type-page","status-publish","hentry"],"pbg_featured_image_src":{"full":false,"thumbnail":false,"medium":false,"medium_large":false,"large":false,"1536x1536":false,"2048x2048":false},"pbg_author_info":{"display_name":"yannick","author_link":"https:\/\/eraiki-funtsa.eus\/fr\/author\/yannick\/","author_img":"<img alt='yannick' src='https:\/\/secure.gravatar.com\/avatar\/a0f96dacd906b69a07bbfb9bf246329608c8c8237d23b6fcc4e5d67532ab061b?s=128&#038;d=mm&#038;r=g' srcset='https:\/\/secure.gravatar.com\/avatar\/a0f96dacd906b69a07bbfb9bf246329608c8c8237d23b6fcc4e5d67532ab061b?s=256&#038;d=mm&#038;r=g 2x' class='avatar avatar-128 photo' height='128' width='128' loading='lazy' decoding='async'\/>"},"pbg_comment_info":" No Comments","pbg_excerpt":"Editeur :le site www.eraiki-funtsa.eus est \u00e9dit\u00e9 par le Fonds de dotation ERAIKISi\u00e8ge social : 20 rue des cordeliers 64100 BAYONNEDirecteur de publication : Xebax Christy (pr\u00e9sident du Fonds de dotation) H\u00e9bergeur :Le site est h\u00e9berg\u00e9 par OVHwww.ovh.comSi\u00e8ge social : 2 rue Kellermann \u2013 59100 Roubaix \u2013 France","_links":{"self":[{"href":"https:\/\/eraiki-funtsa.eus\/fr\/wp-json\/wp\/v2\/pages\/1482","targetHints":{"allow":["GET"]}}],"collection":[{"href":"https:\/\/eraiki-funtsa.eus\/fr\/wp-json\/wp\/v2\/pages"}],"about":[{"href":"https:\/\/eraiki-funtsa.eus\/fr\/wp-json\/wp\/v2\/types\/page"}],"author":[{"embeddable":true,"href":"https:\/\/eraiki-funtsa.eus\/fr\/wp-json\/wp\/v2\/users\/2"}],"replies":[{"embeddable":true,"href":"https:\/\/eraiki-funtsa.eus\/fr\/wp-json\/wp\/v2\/comments?post=1482"}],"version-history":[{"count":1,"href":"https:\/\/eraiki-funtsa.eus\/fr\/wp-json\/wp\/v2\/pages\/1482\/revisions"}],"predecessor-version":[{"id":1483,"href":"https:\/\/eraiki-funtsa.eus\/fr\/wp-json\/wp\/v2\/pages\/1482\/revisions\/1483"}],"wp:attachment":[{"href":"https:\/\/eraiki-funtsa.eus\/fr\/wp-json\/wp\/v2\/media?parent=1482"}],"curies":[{"name":"wp","href":"https:\/\/api.w.org\/{rel}","templated":true}]}}